{"id":74,"date":"2015-05-27T15:45:02","date_gmt":"2015-05-27T15:45:02","guid":{"rendered":"http:\/\/pencidesign.com\/soledad\/?page_id=74"},"modified":"2021-03-10T18:28:59","modified_gmt":"2021-03-10T17:28:59","slug":"contactez-moi","status":"publish","type":"page","link":"https:\/\/bretzeletcigogneau.fr\/index.php\/contactez-moi\/","title":{"rendered":"Contactez-moi"},"content":{"rendered":"<p>Une question? Une remarque? Une envie de partenariat? O\u00f9 juste envie de discuter?&nbsp; N&rsquo;h\u00e9sitez pas \u00e0 me contacter par mail \u00e0 l&rsquo;adresse suivante:&nbsp; <a href=\"mailto:bretzeletcigogneau@gmail.com\">bretzeletcigogneau@gmail.com&nbsp;<\/a><\/p>\n<p>Envie de plus de visibilit\u00e9? Form\u00e9e en r\u00e9daction web SEO, je peux \u00e9galement vous accompagner dans la cr\u00e9ation de contenus optimis\u00e9s pour votre site. Articles optimis\u00e9s, storytelling ou&nbsp; copywriting, faites-moi part de vos envies !<\/p>\n<div role=\"form\" class=\"wpcf7\" id=\"wpcf7-f857-o1\" lang=\"en-US\" dir=\"ltr\">\n<div class=\"screen-reader-response\"><\/div>\n<form action=\"\/index.php\/wp-json\/wp\/v2\/pages\/74#wpcf7-f857-o1\" method=\"post\" class=\"wpcf7-form\" novalidate=\"novalidate\">\n<div style=\"display: none;\">\n<input type=\"hidden\" name=\"_wpcf7\" value=\"857\" \/>\n<input type=\"hidden\" name=\"_wpcf7_version\" value=\"5.1.7\" \/>\n<input type=\"hidden\" name=\"_wpcf7_locale\" value=\"en_US\" \/>\n<input type=\"hidden\" name=\"_wpcf7_unit_tag\" value=\"wpcf7-f857-o1\" \/>\n<input type=\"hidden\" name=\"_wpcf7_container_post\" value=\"0\" \/>\n<\/div>\n<p class=\"name\"><span class=\"wpcf7-form-control-wrap your-name\"><input type=\"text\" name=\"your-name\" value=\"\" size=\"40\" class=\"wpcf7-form-control wpcf7-text wpcf7-validates-as-required\" aria-required=\"true\" aria-invalid=\"false\" placeholder=\"Name*\" \/><\/span><\/p>\n<p class=\"email\"><span class=\"wpcf7-form-control-wrap your-email\"><input type=\"email\" name=\"your-email\" value=\"\" size=\"40\" class=\"wpcf7-form-control wpcf7-text wpcf7-email wpcf7-validates-as-required wpcf7-validates-as-email\" aria-required=\"true\" aria-invalid=\"false\" placeholder=\"Email*\" \/><\/span><\/p>\n<p class=\"subject\"><span class=\"wpcf7-form-control-wrap your-subject\"><input type=\"text\" name=\"your-subject\" value=\"\" size=\"40\" class=\"wpcf7-form-control wpcf7-text\" aria-invalid=\"false\" placeholder=\"Subject\" \/><\/span><\/p>\n<p class=\"message\"><span class=\"wpcf7-form-control-wrap your-message\"><textarea name=\"your-message\" cols=\"40\" rows=\"10\" class=\"wpcf7-form-control wpcf7-textarea wpcf7-validates-as-required\" aria-required=\"true\" aria-invalid=\"false\" placeholder=\"Your Message\"><\/textarea><\/span><\/p>\n<p class=\"submit\"><input type=\"submit\" value=\"Submit\" class=\"wpcf7-form-control wpcf7-submit\" \/><\/p>\n<div class=\"wpcf7-response-output wpcf7-display-none\"><\/div><\/form><\/div>\n","protected":false},"excerpt":{"rendered":"<p>Une question? Une remarque? Une envie de partenariat? O\u00f9 juste envie de discuter?&nbsp; N&rsquo;h\u00e9sitez pas \u00e0 me contacter par mail \u00e0 l&rsquo;adresse suivante:&nbsp; bretzeletcigogneau@gmail.com&nbsp; Envie de plus de visibilit\u00e9? Form\u00e9e&hellip;<\/p>\n","protected":false},"author":1,"featured_media":0,"parent":0,"menu_order":0,"comment_status":"closed","ping_status":"open","template":"page-sidebar.php","meta":{"_monsterinsights_skip_tracking":false,"_monsterinsights_sitenote_active":false,"_monsterinsights_sitenote_note":"","_monsterinsights_sitenote_category":0},"_links":{"self":[{"href":"https:\/\/bretzeletcigogneau.fr\/index.php\/wp-json\/wp\/v2\/pages\/74"}],"collection":[{"href":"https:\/\/bretzeletcigogneau.fr\/index.php\/wp-json\/wp\/v2\/pages"}],"about":[{"href":"https:\/\/bretzeletcigogneau.fr\/index.php\/wp-json\/wp\/v2\/types\/page"}],"author":[{"embeddable":true,"href":"https:\/\/bretzeletcigogneau.fr\/index.php\/wp-json\/wp\/v2\/users\/1"}],"replies":[{"embeddable":true,"href":"https:\/\/bretzeletcigogneau.fr\/index.php\/wp-json\/wp\/v2\/comments?post=74"}],"version-history":[{"count":13,"href":"https:\/\/bretzeletcigogneau.fr\/index.php\/wp-json\/wp\/v2\/pages\/74\/revisions"}],"predecessor-version":[{"id":1534,"href":"https:\/\/bretzeletcigogneau.fr\/index.php\/wp-json\/wp\/v2\/pages\/74\/revisions\/1534"}],"wp:attachment":[{"href":"https:\/\/bretzeletcigogneau.fr\/index.php\/wp-json\/wp\/v2\/media?parent=74"}],"curies":[{"name":"wp","href":"https:\/\/api.w.org\/{rel}","templated":true}]}}