{"id":7,"date":"2015-05-21T12:41:40","date_gmt":"2015-05-21T12:41:40","guid":{"rendered":"http:\/\/pencidesign.com\/soledad\/?page_id=2"},"modified":"2021-03-10T18:33:01","modified_gmt":"2021-03-10T17:33:01","slug":"a-propos","status":"publish","type":"page","link":"https:\/\/bretzeletcigogneau.fr\/index.php\/a-propos\/","title":{"rendered":"A propos"},"content":{"rendered":"\n<figure class=\"wp-block-image is-resized is-style-rounded\"><img loading=\"lazy\" src=\"http:\/\/bretzeletcigogneau.fr\/wp-content\/uploads\/2020\/02\/IMG_6018-2-150x150.jpg\" alt=\"\" width=\"200\" height=\"202\"\/><\/figure>\n\n\n<h4>\u00a0<\/h4>\n<h4><strong>Qui se cache derri\u00e8re Bretzel et cigogneau ?<\/strong><\/h4>\n<p>Bretzel et cigogneau, c&rsquo;est d&rsquo;abord une histoire d&rsquo;amour&#8230; \u00ab\u00a0Dis voir, tu crois que l&rsquo;on mange combien de kilos de bretzels par an ?\u00a0\u00bb Charg\u00e9e de mes 4 sacs de 3 kilos cherch\u00e9s directement \u00e0 l&rsquo;usine de production, je n&rsquo;ai pas bien compris pourquoi mon mari me posait cette question. Une petite vingtaine de kilos par an \u00e0 quatre, c&rsquo;est normal, non? Les bretzels, \u00e7a va avec tout: la bi\u00e8re, le houmous,les pique-nique lors des sorties en famille en Alsace, le chocolat et m\u00eame le caf\u00e9 ! D&rsquo;ailleurs, y&rsquo;a des gens qui n&rsquo;aiment pas \u00e7a ?\u00a0<\/p>\n<p>Moi c&rsquo;est Aline, bretzel addict,\u00a0 la trentaine (ahem, on me souffle dans l&rsquo;oreillette que c&rsquo;est plut\u00f4t la trentaine bien entam\u00e9e), alsacienne, fana de voyages et <a href=\"http:\/\/bretzeletcigogneau.fr\/index.php\/category\/sorties\/\">sorties en Alsace<\/a> avec mon mari et mes 2 enfants. Les vacances avec la voiture qui d\u00e9borde parce que la location n&rsquo;\u00e9tait pas \u00e9quip\u00e9e ? Les restos pas adapt\u00e9s \u00e0 nos chers t\u00eates blondes? Les balades ponctu\u00e9es de \u00ab\u00a0c&rsquo;est quand qu&rsquo;on arrive\u00a0\u00bb et de \u00ab\u00a0porter!!!!!!!\u00a0\u00bb , j&rsquo;ai tout exp\u00e9riment\u00e9 pour vous !<\/p>\n<h4><strong>Pourquoi avoir lanc\u00e9 Bre<\/strong><strong>tzel et cigogneau ?<\/strong><\/h4>\n<p>Dot\u00e9e d&rsquo;un sens du timing improbable, mais jamais \u00e0 court d&rsquo;id\u00e9es, cr\u00e9er un blog parlant notamment de sorties en famille en Alsace en pleine crise sanitaire, rien ne m&rsquo;arr\u00eate! Vous l&rsquo;aurez compris, v\u00e9ritable amoureuse de ma r\u00e9gion, j&rsquo;ai eu envie de cr\u00e9er Bretzel et Cigogneau comme espace de partages et d&rsquo;\u00e9changes \u00e0 destination des familles. Suivez moi avec votre tribu pour d\u00e9couvrir des id\u00e9es de balades en Alsace avec les enfants . Que vous soyez fans de nature, de sorties culturelles, cherchiez de bonnes adresses ou des astuces pour profiter de vos loisirs sereinement, il y aura forc\u00e9ment un article pour vous !<\/p>\n<h4><strong>Mais alors Bretzel et cigogneau, \u00e7a ne parle que de sorties ?<\/strong><\/h4>\n<p>Parce que la vie n&rsquo;est pas faite que de sorties, j&rsquo;ai aussi l&rsquo;envie\u00a0 de partager sur des th\u00e9matiques qui me tiennent \u00e0 c\u0153ur. Sur Bretzel et cigogneau, on parlera aussi de cuisine v\u00e9g\u00e9tale (je n&rsquo;ai pas encore la recette miracle pour faire manger tous les l\u00e9gumes \u00e0 mes enfants, mais j&rsquo;y travaille. Bizarrement, ils pr\u00e9f\u00e8rent le chocolat au chou de Bruxelles&#8230;), de litt\u00e9rature adulte ou jeunesse ou de tout ce qui touche de pr\u00e8s ou de loin \u00e0 un mode de vie plus respectueux de l&rsquo;environnement. D&rsquo;autres envies? N\u2019h\u00e9sitez pas \u00e0 m&rsquo;en faire part !<\/p>\n<h4><strong>Envie d&rsquo;\u00e9changer avec Bretzel et cigogneau ?<\/strong><\/h4>\n<p>Une id\u00e9e, une remarque, un compl\u00e9ment d&rsquo;information ? N\u2019h\u00e9sitez pas \u00e0 me laisser un commentaire sous l&rsquo;article! Vous pouvez \u00e9galement me suivre sur Instagram via <a href=\"https:\/\/www.instagram.com\/bretzeletcigogneau\/\">@bretzeletcigogneau<\/a> ou m&rsquo;adresser un mail via la <a href=\"http:\/\/bretzeletcigogneau.fr\/index.php\/contactez-moi\/\">page de contact<\/a>. Envie d&rsquo;\u00eatre tenus au courant des derni\u00e8res publications? Inscrivez-vous \u00e0 la newsletter. Promis, je ne vous inonderai pas de mails !<\/p>\n\n\n<p><\/p>\n","protected":false},"excerpt":{"rendered":"<p>\u00a0 Qui se cache derri\u00e8re Bretzel et cigogneau ? Bretzel et cigogneau, c&rsquo;est d&rsquo;abord une histoire d&rsquo;amour&#8230; \u00ab\u00a0Dis voir, tu crois que l&rsquo;on mange combien de kilos de bretzels par&hellip;<\/p>\n","protected":false},"author":1,"featured_media":0,"parent":0,"menu_order":0,"comment_status":"open","ping_status":"open","template":"page-sidebar.php","meta":{"_monsterinsights_skip_tracking":false,"_monsterinsights_sitenote_active":false,"_monsterinsights_sitenote_note":"","_monsterinsights_sitenote_category":0},"_links":{"self":[{"href":"https:\/\/bretzeletcigogneau.fr\/index.php\/wp-json\/wp\/v2\/pages\/7"}],"collection":[{"href":"https:\/\/bretzeletcigogneau.fr\/index.php\/wp-json\/wp\/v2\/pages"}],"about":[{"href":"https:\/\/bretzeletcigogneau.fr\/index.php\/wp-json\/wp\/v2\/types\/page"}],"author":[{"embeddable":true,"href":"https:\/\/bretzeletcigogneau.fr\/index.php\/wp-json\/wp\/v2\/users\/1"}],"replies":[{"embeddable":true,"href":"https:\/\/bretzeletcigogneau.fr\/index.php\/wp-json\/wp\/v2\/comments?post=7"}],"version-history":[{"count":39,"href":"https:\/\/bretzeletcigogneau.fr\/index.php\/wp-json\/wp\/v2\/pages\/7\/revisions"}],"predecessor-version":[{"id":1546,"href":"https:\/\/bretzeletcigogneau.fr\/index.php\/wp-json\/wp\/v2\/pages\/7\/revisions\/1546"}],"wp:attachment":[{"href":"https:\/\/bretzeletcigogneau.fr\/index.php\/wp-json\/wp\/v2\/media?parent=7"}],"curies":[{"name":"wp","href":"https:\/\/api.w.org\/{rel}","templated":true}]}}